{"id":4,"date":"2012-05-18T11:15:51","date_gmt":"2012-05-18T11:15:51","guid":{"rendered":"http:\/\/resistenciasalona.com\/Anduaga\/?page_id=4"},"modified":"2018-11-19T11:43:48","modified_gmt":"2018-11-19T11:43:48","slug":"fernandez-anduaga","status":"publish","type":"page","link":"https:\/\/zubacor.com\/zubacor\/","title":{"rendered":"Zubacor"},"content":{"rendered":"<h1>La Empresa<\/h1>\n<p style=\"text-align: justify;\"><img loading=\"lazy\" class=\"lightbox alignleft wp-image-3117\" src=\"http:\/\/zubacor.com\/zubacor\/wp-content\/uploads\/2018\/11\/empresa-1024x451.jpg\" alt=\"\" width=\"534\" height=\"235\" srcset=\"https:\/\/zubacor.com\/zubacor\/wp-content\/uploads\/2018\/11\/empresa-1024x451.jpg 1024w, https:\/\/zubacor.com\/zubacor\/wp-content\/uploads\/2018\/11\/empresa-300x132.jpg 300w, https:\/\/zubacor.com\/zubacor\/wp-content\/uploads\/2018\/11\/empresa-768x338.jpg 768w, https:\/\/zubacor.com\/zubacor\/wp-content\/uploads\/2018\/11\/empresa.jpg 1125w\" sizes=\"(max-width: 534px) 100vw, 534px\" \/><\/p>\n<p style=\"text-align: justify;\">Actualmente y desde su fundaci\u00f3n en 1963, la <strong>Empresa ZUBACOR, S.L.<\/strong> es especialista en la elaboraci\u00f3n de componentes de sujeci\u00f3n para la <strong>Maquina Herramienta<\/strong>, siendo estos componentes est\u00e1ndares o especiales (puntos fijos y giratorios de materiales tratados o de metal duro, casquillos, pinzas, etc).<\/p>\n<p style=\"text-align: justify;\">Hoy en d\u00eda, la Empresa se fortalece con sus tres l\u00edneas de negocio: <strong>desarrollo en productos de sujeci\u00f3n,<\/strong> <strong>Fabricaci\u00f3n y montaje de diferentes maquinas<\/strong>, y <strong>elaboraci\u00f3n de piezas bajo plano o muestra<\/strong>, adapt\u00e1ndose as\u00ed a los criterios y necesidades del cliente.<\/p>\n<p>&nbsp;<\/p>\n<p>&nbsp;<\/p>\n<p style=\"text-align: justify;\">De los 800m2 de nuestras instalaciones, 600m2 est\u00e1n destinados a la producci\u00f3n, disponiendo de maquinas tanto de car\u00e1cter convencional como CNC, 100m2 al montaje y 100m2 para almac\u00e9n y oficinas.<\/p>\n<p style=\"text-align: justify;\">Contamos con un equipo de trabajo cualificado y un sistema de producci\u00f3n controlado tanto en la gesti\u00f3n como en la fabricaci\u00f3n de los \u00fatiles y productos durante todo el proceso productivo.<\/p>\n<p style=\"text-align: justify;\">Nuestra cartera de cliente es de reconocido prestigio tanto <strong>Nacional<\/strong> como <strong>Internacional<\/strong>.<\/p>\n","protected":false},"excerpt":{"rendered":"<p>La Empresa Actualmente y desde su fundaci\u00f3n en 1963, la Empresa ZUBACOR, S.L. es especialista en la elaboraci\u00f3n de componentes de sujeci\u00f3n para la Maquina Herramienta, siendo estos componentes est\u00e1ndares o especiales (puntos fijos y giratorios de materiales tratados o de metal duro, casquillos, pinzas, etc). Hoy en d\u00eda, la Empresa se fortalece con sus [&hellip;]<\/p>\n","protected":false},"author":1,"featured_media":0,"parent":0,"menu_order":0,"comment_status":"open","ping_status":"open","template":"home_slider_text_partners.php","meta":[],"_links":{"self":[{"href":"https:\/\/zubacor.com\/zubacor\/wp-json\/wp\/v2\/pages\/4"}],"collection":[{"href":"https:\/\/zubacor.com\/zubacor\/wp-json\/wp\/v2\/pages"}],"about":[{"href":"https:\/\/zubacor.com\/zubacor\/wp-json\/wp\/v2\/types\/page"}],"author":[{"embeddable":true,"href":"https:\/\/zubacor.com\/zubacor\/wp-json\/wp\/v2\/users\/1"}],"replies":[{"embeddable":true,"href":"https:\/\/zubacor.com\/zubacor\/wp-json\/wp\/v2\/comments?post=4"}],"version-history":[{"count":42,"href":"https:\/\/zubacor.com\/zubacor\/wp-json\/wp\/v2\/pages\/4\/revisions"}],"predecessor-version":[{"id":3128,"href":"https:\/\/zubacor.com\/zubacor\/wp-json\/wp\/v2\/pages\/4\/revisions\/3128"}],"wp:attachment":[{"href":"https:\/\/zubacor.com\/zubacor\/wp-json\/wp\/v2\/media?parent=4"}],"curies":[{"name":"wp","href":"https:\/\/api.w.org\/{rel}","templated":true}]}}