{"id":3096,"date":"2018-11-19T11:01:23","date_gmt":"2018-11-19T11:01:23","guid":{"rendered":"http:\/\/zubacor.com\/zubacor\/?page_id=3096"},"modified":"2018-11-19T11:30:54","modified_gmt":"2018-11-19T11:30:54","slug":"metrologia","status":"publish","type":"page","link":"https:\/\/zubacor.com\/zubacor\/productos-2\/metrologia\/","title":{"rendered":"METROLOG\u00cdA"},"content":{"rendered":"<h4>Trabajos Auxiliares<\/h4>\n<h3>METROLOG\u00cdA<\/h3>\n<p>\u00c1rea de metrolog\u00eda con calibraci\u00f3n s\/norma ISO9001 compuesto de :<\/p>\n<ul>\n<li>Brazo<strong> FARO Gage de R600mm<\/strong><\/li>\n<li>Columna Mauser <strong>500mm<\/strong><\/li>\n<li>Micr\u00f3metros exteriores de 0 hasta <strong>500mm<\/strong><\/li>\n<li>Micr\u00f3metros interiores hasta <strong>\u00d8300mm<\/strong><\/li>\n<li>Alexometros exteriores como interiores hasta <strong>500mm<\/strong><\/li>\n<li>Calas y porta calas\/ patrones de alexometros .<\/li>\n<li>Dur\u00f3metro, Rugos\u00edmetro.<\/li>\n<li>Accesorios para calibraci\u00f3n de aparatos de medici\u00f3n.<\/li>\n<\/ul>\n<p><img loading=\"lazy\" class=\"size-full wp-image-3097 aligncenter\" src=\"http:\/\/zubacor.com\/zubacor\/wp-content\/uploads\/2018\/11\/metrologia.jpg\" alt=\"\" width=\"561\" height=\"380\" srcset=\"https:\/\/zubacor.com\/zubacor\/wp-content\/uploads\/2018\/11\/metrologia.jpg 561w, https:\/\/zubacor.com\/zubacor\/wp-content\/uploads\/2018\/11\/metrologia-300x203.jpg 300w\" sizes=\"(max-width: 561px) 100vw, 561px\" \/><\/p>\n<p>&nbsp;<\/p>\n<p>&nbsp;<\/p>\n","protected":false},"excerpt":{"rendered":"<p>Trabajos Auxiliares METROLOG\u00cdA \u00c1rea de metrolog\u00eda con calibraci\u00f3n s\/norma ISO9001 compuesto de : Brazo FARO Gage de R600mm Columna Mauser 500mm Micr\u00f3metros exteriores de 0 hasta 500mm Micr\u00f3metros interiores hasta \u00d8300mm Alexometros exteriores como interiores hasta 500mm Calas y porta calas\/ patrones de alexometros . Dur\u00f3metro, Rugos\u00edmetro. Accesorios para calibraci\u00f3n de aparatos de medici\u00f3n. &nbsp; [&hellip;]<\/p>\n","protected":false},"author":1,"featured_media":0,"parent":1970,"menu_order":0,"comment_status":"open","ping_status":"open","template":"contentpage.php","meta":[],"_links":{"self":[{"href":"https:\/\/zubacor.com\/zubacor\/wp-json\/wp\/v2\/pages\/3096"}],"collection":[{"href":"https:\/\/zubacor.com\/zubacor\/wp-json\/wp\/v2\/pages"}],"about":[{"href":"https:\/\/zubacor.com\/zubacor\/wp-json\/wp\/v2\/types\/page"}],"author":[{"embeddable":true,"href":"https:\/\/zubacor.com\/zubacor\/wp-json\/wp\/v2\/users\/1"}],"replies":[{"embeddable":true,"href":"https:\/\/zubacor.com\/zubacor\/wp-json\/wp\/v2\/comments?post=3096"}],"version-history":[{"count":4,"href":"https:\/\/zubacor.com\/zubacor\/wp-json\/wp\/v2\/pages\/3096\/revisions"}],"predecessor-version":[{"id":3099,"href":"https:\/\/zubacor.com\/zubacor\/wp-json\/wp\/v2\/pages\/3096\/revisions\/3099"}],"up":[{"embeddable":true,"href":"https:\/\/zubacor.com\/zubacor\/wp-json\/wp\/v2\/pages\/1970"}],"wp:attachment":[{"href":"https:\/\/zubacor.com\/zubacor\/wp-json\/wp\/v2\/media?parent=3096"}],"curies":[{"name":"wp","href":"https:\/\/api.w.org\/{rel}","templated":true}]}}