{"id":2838,"date":"2012-11-02T12:45:14","date_gmt":"2012-11-02T12:45:14","guid":{"rendered":"http:\/\/zubacor.com\/zubacor\/?page_id=2838"},"modified":"2012-11-02T12:45:37","modified_gmt":"2012-11-02T12:45:37","slug":"punto-hidraulico-de-arrastre-frontal","status":"publish","type":"page","link":"https:\/\/zubacor.com\/zubacor\/productos-2\/punto-hidraulico-de-arrastre-frontal\/","title":{"rendered":"Punto hidr\u00e1ulico de arrastre frontal"},"content":{"rendered":"<h4>Accesorios m\u00e1quina herramientas<\/h4>\n<h3>Punto hidr\u00e1ulico de arrastre frontal<\/h3>\n<p><a class=\"lightbox\" title=\"Punto hidr\u00e1ulico\" href=\"http:\/\/zubacor.com\/zubacor\/wp-content\/uploads\/2012\/11\/punto_hidraulico.jpg\"><img loading=\"lazy\" class=\"alignnone size-full wp-image-2839\" title=\"Punto hidr\u00e1ulico\" src=\"http:\/\/zubacor.com\/zubacor\/wp-content\/uploads\/2012\/11\/punto_hidraulico.jpg\" alt=\"\" width=\"765\" height=\"161\" srcset=\"https:\/\/zubacor.com\/zubacor\/wp-content\/uploads\/2012\/11\/punto_hidraulico.jpg 765w, https:\/\/zubacor.com\/zubacor\/wp-content\/uploads\/2012\/11\/punto_hidraulico-300x63.jpg 300w\" sizes=\"(max-width: 765px) 100vw, 765px\" \/><\/a><\/p>\n<p style=\"text-align: justify;\">Apto para el torneado de piezas sin previo refrentado. Torneado a topes exacto.<\/p>\n<p style=\"text-align: justify;\">El amarre de la pieza es perfecto, pues quedan compesados y neutralizados los errores de presi\u00f3n que un mal refrentado podr\u00eda originar en las garras.<\/p>\n<p style=\"text-align: justify;\">Sirve para toda la gama de di\u00e1metros desde 25 a 250 mm. ya que con el punto se entregan ocho juegos de garras de 25, 32, 40, 50, 63, 80, 100 y 125.<\/p>\n<p style=\"text-align: justify;\">El punto hidr\u00e1ulico de arrastre PH-95 es de an\u00e1logas caracter\u00edsticas, s\u00f3lo que la gama de di\u00e1metros a tornear es de 15 mm. a 95 mm. de di\u00e1metro.<\/p>\n","protected":false},"excerpt":{"rendered":"<p>Accesorios m\u00e1quina herramientas Punto hidr\u00e1ulico de arrastre frontal Apto para el torneado de piezas sin previo refrentado. Torneado a topes exacto. El amarre de la pieza es perfecto, pues quedan compesados y neutralizados los errores de presi\u00f3n que un mal refrentado podr\u00eda originar en las garras. Sirve para toda la gama de di\u00e1metros desde 25 [&hellip;]<\/p>\n","protected":false},"author":1,"featured_media":0,"parent":1970,"menu_order":0,"comment_status":"open","ping_status":"open","template":"contentpage.php","meta":[],"_links":{"self":[{"href":"https:\/\/zubacor.com\/zubacor\/wp-json\/wp\/v2\/pages\/2838"}],"collection":[{"href":"https:\/\/zubacor.com\/zubacor\/wp-json\/wp\/v2\/pages"}],"about":[{"href":"https:\/\/zubacor.com\/zubacor\/wp-json\/wp\/v2\/types\/page"}],"author":[{"embeddable":true,"href":"https:\/\/zubacor.com\/zubacor\/wp-json\/wp\/v2\/users\/1"}],"replies":[{"embeddable":true,"href":"https:\/\/zubacor.com\/zubacor\/wp-json\/wp\/v2\/comments?post=2838"}],"version-history":[{"count":2,"href":"https:\/\/zubacor.com\/zubacor\/wp-json\/wp\/v2\/pages\/2838\/revisions"}],"predecessor-version":[{"id":2841,"href":"https:\/\/zubacor.com\/zubacor\/wp-json\/wp\/v2\/pages\/2838\/revisions\/2841"}],"up":[{"embeddable":true,"href":"https:\/\/zubacor.com\/zubacor\/wp-json\/wp\/v2\/pages\/1970"}],"wp:attachment":[{"href":"https:\/\/zubacor.com\/zubacor\/wp-json\/wp\/v2\/media?parent=2838"}],"curies":[{"name":"wp","href":"https:\/\/api.w.org\/{rel}","templated":true}]}}