{"id":2706,"date":"2012-10-31T10:01:28","date_gmt":"2012-10-31T10:01:28","guid":{"rendered":"http:\/\/zubacor.com\/zubacor\/?page_id=2706"},"modified":"2019-09-03T15:18:03","modified_gmt":"2019-09-03T15:18:03","slug":"sierras-cintas-vertical","status":"publish","type":"page","link":"https:\/\/zubacor.com\/zubacor\/productos-2\/sierras-cintas-vertical\/","title":{"rendered":"Sierras cintas vertical"},"content":{"rendered":"<h4>M\u00e1quinas herramienta<\/h4>\n<h3>Sierras cintas vertical<\/h3>\n<p>[wptabs type=\u00bbaccordion\u00bb] [wptabtitle]S 400C \/ S 500C [\/wptabtitle] [wptabcontent] <a href=\"http:\/\/zubacor.com\/zubacor\/wp-content\/uploads\/2012\/10\/s4001.jpg\"><img loading=\"lazy\" class=\" wp-image-2997 aligncenter\" src=\"http:\/\/zubacor.com\/zubacor\/wp-content\/uploads\/2012\/10\/s4001.jpg\" alt=\"s400\" width=\"587\" height=\"414\" srcset=\"https:\/\/zubacor.com\/zubacor\/wp-content\/uploads\/2012\/10\/s4001.jpg 597w, https:\/\/zubacor.com\/zubacor\/wp-content\/uploads\/2012\/10\/s4001-300x212.jpg 300w\" sizes=\"(max-width: 587px) 100vw, 587px\" \/><\/a><\/p>\n<p style=\"text-align: justify;\">La amplia gama de modelos de sierra de cintas <strong>INCA<\/strong>, se utilizan para cortar aceros y metales, maderas, pl\u00e1sticos, etc&#8230;, realizando aserrado de contornos seg\u00fan trazado, sectores, ranuras, muescas, cortes longitudinales, etc. La altura de corte es regulable y la hoja est\u00e1 protegida hasta el mismo punto de corte. La hoja es guiada por dos gu\u00edas de acero templado para los diversos anchos de hoja. La velocidad de corte se regula f\u00e1cilmente mediante un potenci\u00f3metro situado en el panel de mandos de la m\u00e1quina.<\/p>\n<table width=\"100%\" cellspacing=\"5\" cellpadding=\"12\">\n<tbody>\n<tr>\n<th colspan=\"2\">Caracter\u00edsticas<\/th>\n<th>S- 400 -C<\/th>\n<th>S &#8211; 500 -C<\/th>\n<\/tr>\n<tr>\n<td width=\"49%\">Di\u00e1metro de los volantes<\/td>\n<td width=\"12%\">mm.<\/td>\n<td width=\"19%\">410<\/td>\n<td width=\"20%\">510<\/td>\n<\/tr>\n<tr>\n<td>Paso vertical de corte<\/td>\n<td>mm.<\/td>\n<td>300<\/td>\n<td>300<\/td>\n<\/tr>\n<tr>\n<td>Profundidad del cuello<\/td>\n<td>mm.<\/td>\n<td>400<\/td>\n<td>500<\/td>\n<\/tr>\n<tr>\n<td>Dimensiones de la mesa<\/td>\n<td>mm.<\/td>\n<td>525 x 575<\/td>\n<td>525 x 575<\/td>\n<\/tr>\n<tr>\n<td>Inclinaci\u00f3n de la mesa a 4 lados<\/td>\n<td>\u2022<\/td>\n<td>15 \u00ba<\/td>\n<td>15 \u00ba<\/td>\n<\/tr>\n<tr>\n<td>Potencia de motor<\/td>\n<td>HP<\/td>\n<td>2<\/td>\n<td>2<\/td>\n<\/tr>\n<tr>\n<td>Ancho de las hojas<\/td>\n<td>mm.<\/td>\n<td>4:12<\/td>\n<td>4:12<\/td>\n<\/tr>\n<tr>\n<td>Velocidad de corte<\/td>\n<td>mts. \/ min.<\/td>\n<td>20:140<\/td>\n<td>20:140<\/td>\n<\/tr>\n<tr>\n<td>Peso neto<\/td>\n<td>Kgs.<\/td>\n<td>400<\/td>\n<td>470<\/td>\n<\/tr>\n<tr>\n<td>Peso bruto<\/td>\n<td>Kgs.<\/td>\n<td>475<\/td>\n<td>550<\/td>\n<\/tr>\n<tr>\n<td>Volumen embalaje mar\u00edtimo<\/td>\n<td>mts 3<\/td>\n<td>1,25<\/td>\n<td>1,80<\/td>\n<\/tr>\n<\/tbody>\n<\/table>\n<p><strong><span style=\"text-decoration: underline;\">EQUIPAMIENTO STANDARD<\/span><\/strong><\/p>\n<ul>\n<li>Variador de velocidad electr\u00f3nico<\/li>\n<li>L\u00e1mpara de iluminaci\u00f3n 24V<\/li>\n<li>Soplador de aire para eliminaci\u00f3n virutas<\/li>\n<li>Mesa inclinable 4 sentido<\/li>\n<li type=\"_moz\">Instalaci\u00f3n el\u00e9ctrica con micros de protecci\u00f3n en las puertas de acceso a los volantes y bot\u00f3n de parada de emergencia<\/li>\n<\/ul>\n<p><span style=\"text-decoration: underline;\"><strong>ACCESORIOS OPCIONALES<\/strong><\/span> <a class=\"lightbox\" title=\"accesorios\" href=\"http:\/\/zubacor.com\/zubacor\/wp-content\/uploads\/2012\/10\/accesorios.jpg\"><img loading=\"lazy\" class=\" wp-image-2741 aligncenter\" title=\"accesorios\" src=\"http:\/\/zubacor.com\/zubacor\/wp-content\/uploads\/2012\/10\/accesorios.jpg\" alt=\"\" width=\"571\" height=\"378\" srcset=\"https:\/\/zubacor.com\/zubacor\/wp-content\/uploads\/2012\/10\/accesorios.jpg 714w, https:\/\/zubacor.com\/zubacor\/wp-content\/uploads\/2012\/10\/accesorios-300x198.jpg 300w\" sizes=\"(max-width: 571px) 100vw, 571px\" \/><\/a> [\/wptabcontent] [wptabtitle]S 750C \/ S 1000C[\/wptabtitle] [wptabcontent] <a href=\"http:\/\/zubacor.com\/zubacor\/wp-content\/uploads\/2012\/10\/750.jpg\"><img loading=\"lazy\" class=\" wp-image-3000 aligncenter\" src=\"http:\/\/zubacor.com\/zubacor\/wp-content\/uploads\/2012\/10\/750.jpg\" alt=\"750\" width=\"573\" height=\"404\" srcset=\"https:\/\/zubacor.com\/zubacor\/wp-content\/uploads\/2012\/10\/750.jpg 597w, https:\/\/zubacor.com\/zubacor\/wp-content\/uploads\/2012\/10\/750-300x212.jpg 300w\" sizes=\"(max-width: 573px) 100vw, 573px\" \/><\/a><\/p>\n<p style=\"text-align: justify;\">La amplia gama de modelos de sierra de cintas <strong>INCA<\/strong>, se utilizan para cortar aceros y metales, maderas, pl\u00e1sticos, etc&#8230;, realizando aserrado de contornos seg\u00fan trazado, sectores, ranuras, muescas, cortes longitudinales, etc. La altura de corte es regulable y la hoja est\u00e1 protegida hasta el mismo punto de corte. La hoja es guiada por dos gu\u00edas de acero templado para los diversos anchos de hoja. La velocidad de corte se regula f\u00e1cilmente mediante un potenci\u00f3metro situado en el panel de mandos de la m\u00e1quina.<\/p>\n<table width=\"100%\" cellspacing=\"5\" cellpadding=\"12\">\n<tbody>\n<tr>\n<th colspan=\"2\">Caracter\u00edsticas<\/th>\n<th>S- 750 -C<\/th>\n<th>S &#8211; 1000 -C<\/th>\n<\/tr>\n<tr>\n<td width=\"49%\">Di\u00e1metro de los volantes<\/td>\n<td width=\"12%\">mm.<\/td>\n<td width=\"19%\">315 (4)<\/td>\n<td width=\"20%\">315 (4)<\/td>\n<\/tr>\n<tr>\n<td>Paso vertical de corte<\/td>\n<td>mm.<\/td>\n<td>300<\/td>\n<td>300<\/td>\n<\/tr>\n<tr>\n<td>Profundidad del cuello<\/td>\n<td>mm.<\/td>\n<td>750<\/td>\n<td>1000<\/td>\n<\/tr>\n<tr>\n<td>Dimensiones de la mesa<\/td>\n<td>mm.<\/td>\n<td>525 x 575<\/td>\n<td>525 x 575<\/td>\n<\/tr>\n<tr>\n<td>Inclinaci\u00f3n de la mesa a 4 lados<\/td>\n<td>\u2022<\/td>\n<td>15 \u00ba<\/td>\n<td>15 \u00ba<\/td>\n<\/tr>\n<tr>\n<td>Potencia de motor<\/td>\n<td>HP<\/td>\n<td>2<\/td>\n<td>2<\/td>\n<\/tr>\n<tr>\n<td>Ancho de las hojas<\/td>\n<td>mm.<\/td>\n<td>4:12<\/td>\n<td>4:12<\/td>\n<\/tr>\n<tr>\n<td>Velocidad de corte<\/td>\n<td>mts. \/ min.<\/td>\n<td>20:140<\/td>\n<td>20:140<\/td>\n<\/tr>\n<tr>\n<td>Peso neto<\/td>\n<td>Kgs.<\/td>\n<td>525<\/td>\n<td>600<\/td>\n<\/tr>\n<tr>\n<td>Peso bruto<\/td>\n<td>Kgs.<\/td>\n<td>625<\/td>\n<td>700<\/td>\n<\/tr>\n<tr>\n<td>Volumen embalaje mar\u00edtimo<\/td>\n<td>mts 3<\/td>\n<td>2,60<\/td>\n<td>3<\/td>\n<\/tr>\n<\/tbody>\n<\/table>\n<p><span style=\"text-decoration: underline;\"><strong>EQUIPAMIENTO STANDARD<\/strong><\/span><\/p>\n<ul>\n<li>Variador de velocidad electr\u00f3nico<\/li>\n<li>L\u00e1mpara de iluminaci\u00f3n 24V<\/li>\n<li>Soplador de aire para eliminaci\u00f3n virutas<\/li>\n<li>Mesa inclinable 4 sentidos<\/li>\n<li type=\"_moz\">Instalaci\u00f3n el\u00e9ctrica con micros de protecci\u00f3n en las puertas de acceso a los volantes y bot\u00f3n de parada de emergencia<\/li>\n<\/ul>\n<p><span style=\"text-decoration: underline;\"><strong>ACCESORIOS OPCIONALES<\/strong><\/span> <span style=\"text-decoration: underline;\"><a class=\"lightbox\" title=\"accesorios\" href=\"http:\/\/zubacor.com\/zubacor\/wp-content\/uploads\/2012\/10\/accesorios.jpg\"><img loading=\"lazy\" class=\" wp-image-2741 aligncenter\" title=\"accesorios\" src=\"http:\/\/zubacor.com\/zubacor\/wp-content\/uploads\/2012\/10\/accesorios.jpg\" alt=\"\" width=\"571\" height=\"378\" srcset=\"https:\/\/zubacor.com\/zubacor\/wp-content\/uploads\/2012\/10\/accesorios.jpg 714w, https:\/\/zubacor.com\/zubacor\/wp-content\/uploads\/2012\/10\/accesorios-300x198.jpg 300w\" sizes=\"(max-width: 571px) 100vw, 571px\" \/><\/a><\/span><\/p>\n<p style=\"text-align: justify;\">[\/wptabcontent] [\/wptabs]<\/p>\n<p>&nbsp;<\/p>\n","protected":false},"excerpt":{"rendered":"<p>M\u00e1quinas herramienta Sierras cintas vertical [wptabs type=\u00bbaccordion\u00bb] [wptabtitle]S 400C \/ S 500C [\/wptabtitle] [wptabcontent] La amplia gama de modelos de sierra de cintas INCA, se utilizan para cortar aceros y metales, maderas, pl\u00e1sticos, etc&#8230;, realizando aserrado de contornos seg\u00fan trazado, sectores, ranuras, muescas, cortes longitudinales, etc. La altura de corte es regulable y la hoja [&hellip;]<\/p>\n","protected":false},"author":1,"featured_media":0,"parent":1970,"menu_order":0,"comment_status":"open","ping_status":"open","template":"contentpage.php","meta":[],"_links":{"self":[{"href":"https:\/\/zubacor.com\/zubacor\/wp-json\/wp\/v2\/pages\/2706"}],"collection":[{"href":"https:\/\/zubacor.com\/zubacor\/wp-json\/wp\/v2\/pages"}],"about":[{"href":"https:\/\/zubacor.com\/zubacor\/wp-json\/wp\/v2\/types\/page"}],"author":[{"embeddable":true,"href":"https:\/\/zubacor.com\/zubacor\/wp-json\/wp\/v2\/users\/1"}],"replies":[{"embeddable":true,"href":"https:\/\/zubacor.com\/zubacor\/wp-json\/wp\/v2\/comments?post=2706"}],"version-history":[{"count":62,"href":"https:\/\/zubacor.com\/zubacor\/wp-json\/wp\/v2\/pages\/2706\/revisions"}],"predecessor-version":[{"id":3195,"href":"https:\/\/zubacor.com\/zubacor\/wp-json\/wp\/v2\/pages\/2706\/revisions\/3195"}],"up":[{"embeddable":true,"href":"https:\/\/zubacor.com\/zubacor\/wp-json\/wp\/v2\/pages\/1970"}],"wp:attachment":[{"href":"https:\/\/zubacor.com\/zubacor\/wp-json\/wp\/v2\/media?parent=2706"}],"curies":[{"name":"wp","href":"https:\/\/api.w.org\/{rel}","templated":true}]}}