{"id":2621,"date":"2012-10-10T13:56:31","date_gmt":"2012-10-10T13:56:31","guid":{"rendered":"http:\/\/zubacor.com\/zubacor\/?page_id=2621"},"modified":"2015-04-08T09:46:38","modified_gmt":"2015-04-08T09:46:38","slug":"maquina-limadora-horizontal","status":"publish","type":"page","link":"https:\/\/zubacor.com\/zubacor\/productos-2\/maquina-limadora-horizontal\/","title":{"rendered":"M\u00e1quina limadora horizontal"},"content":{"rendered":"<h4>M\u00e1quinas herramienta<\/h4>\n<h3>M\u00e1quina limadora<\/h3>\n<p>[wptabs type=\u00bbaccordion\u00bb height:1200px] [wptabtitle]L 350E\/ L 350E\/2[\/wptabtitle] [wptabcontent] <a href=\"http:\/\/zubacor.com\/zubacor\/wp-content\/uploads\/2012\/10\/3502.jpg\"><img loading=\"lazy\" class=\"alignnone size-full wp-image-2989\" src=\"http:\/\/zubacor.com\/zubacor\/wp-content\/uploads\/2012\/10\/3502.jpg\" alt=\"350\" width=\"632\" height=\"274\" srcset=\"https:\/\/zubacor.com\/zubacor\/wp-content\/uploads\/2012\/10\/3502.jpg 632w, https:\/\/zubacor.com\/zubacor\/wp-content\/uploads\/2012\/10\/3502-300x130.jpg 300w\" sizes=\"(max-width: 632px) 100vw, 632px\" \/><\/a><\/p>\n<table width=\"100%\" cellspacing=\"5\" cellpadding=\"12\">\n<tbody>\n<tr>\n<th>Carnero<\/th>\n<th>L350E<\/th>\n<th>L350E\/2<\/th>\n<\/tr>\n<tr>\n<td width=\"28%\">Recorrido<\/td>\n<td width=\"26%\">350 mm.<\/td>\n<td width=\"46%\">350 mm.<\/td>\n<\/tr>\n<tr>\n<td>Velocidades<\/td>\n<td>3<\/td>\n<td>6<\/td>\n<\/tr>\n<tr>\n<td>Golpes del carnero por min.<\/td>\n<td>35-70-140<\/td>\n<td>23-35-46-70-92-140<\/td>\n<\/tr>\n<\/tbody>\n<\/table>\n<table width=\"100%\" cellspacing=\"5\" cellpadding=\"12\">\n<tbody>\n<tr>\n<th>Mesa giratoria<\/th>\n<th><\/th>\n<th><\/th>\n<\/tr>\n<tr>\n<td width=\"28%\">Dimensiones<\/td>\n<td width=\"26%\">350x260x260 mm.<\/td>\n<td width=\"46%\"><span style=\"font-size: 10.0pt; font-family: Arial; color: #555555;\">350x260x260 mm<\/span><\/td>\n<\/tr>\n<tr>\n<td>Recorrido transversal<\/td>\n<td>410 mm.<\/td>\n<td><span style=\"font-size: 10.0pt; font-family: Arial; color: #555555;\"> 410 mm<\/span><\/td>\n<\/tr>\n<tr>\n<td>Recorrido vertical<\/td>\n<td>350 mm.<\/td>\n<td><span style=\"font-size: 10.0pt; font-family: Arial; color: #555555;\">350 mm<\/span><\/td>\n<\/tr>\n<tr>\n<td>Avances autom\u00e1ticos horizontales (5)<\/td>\n<td>0,2-1 mm.<\/td>\n<td><span style=\"font-size: 10.0pt; font-family: Arial; color: #555555;\"> 0,2-1 mm<\/span><\/td>\n<\/tr>\n<tr>\n<td>M\u00e1xima distancia mesa.carnero<\/td>\n<td>430 mm.<\/td>\n<td><span style=\"font-size: 10.0pt; font-family: Arial; color: #555555;\">430 mm<\/span><\/td>\n<\/tr>\n<\/tbody>\n<\/table>\n<table width=\"100%\" cellspacing=\"5\" cellpadding=\"12\">\n<tbody>\n<tr>\n<th>Cabezal porta &#8211; cuchillas<\/th>\n<th><\/th>\n<th><\/th>\n<\/tr>\n<tr>\n<td width=\"28%\">Recorrido vertical<\/td>\n<td width=\"26%\">130 mm.<\/td>\n<td width=\"46%\"><span style=\"font-size: 10.0pt; font-family: Arial; color: #555555;\">130 mm<\/span><\/td>\n<\/tr>\n<tr>\n<td>Giratorio<\/td>\n<td>90\u00ba\u00a0izq.\/dcha.<\/td>\n<td><span style=\"font-size: 10.0pt; font-family: Arial; color: #555555;\"> 90\u00ba izq\/dcha.<\/span><\/td>\n<\/tr>\n<\/tbody>\n<\/table>\n<table width=\"100%\" cellspacing=\"5\" cellpadding=\"12\">\n<tbody>\n<tr>\n<th>Mordaza giratoria graduada<\/th>\n<th><\/th>\n<th><\/th>\n<\/tr>\n<tr>\n<td width=\"28%\">Ancho bocas<\/td>\n<td width=\"26%\">180 mm.<\/td>\n<td width=\"46%\"><span style=\"font-size: 10.0pt; font-family: Arial; color: #555555;\">180 mm<\/span><\/td>\n<\/tr>\n<tr>\n<td>Abertura<\/td>\n<td>230 mm.<\/td>\n<td><span style=\"font-size: 10.0pt; font-family: Arial; color: #555555;\">230 mm<\/span><\/td>\n<\/tr>\n<\/tbody>\n<\/table>\n<table width=\"100%\" cellspacing=\"5\" cellpadding=\"12\">\n<tbody>\n<tr>\n<th>Motor<\/th>\n<th><\/th>\n<th><\/th>\n<\/tr>\n<tr>\n<td width=\"28%\">Potencia<\/td>\n<td width=\"26%\">1,5 HP<\/td>\n<td width=\"46%\"><span style=\"font-size: 10.0pt; font-family: Arial; color: #555555;\">(2vel.) 1,3\/2,15HP<\/span><\/td>\n<\/tr>\n<tr>\n<td width=\"28%\">Nota<\/td>\n<td width=\"26%\">Con motor 2 velocidades (1,1 -1,6 HP) y 6 velocidades carnero: 23-35-46-70-92-140. Restantes caracter\u00edsticas las mismas.<\/td>\n<td width=\"46%\"><span style=\"font-size: 10.0pt; font-family: Arial; color: #555555;\">625k.<\/span><\/td>\n<\/tr>\n<\/tbody>\n<\/table>\n<table width=\"100%\" cellspacing=\"5\" cellpadding=\"12\">\n<tbody>\n<tr>\n<th width=\"44%\">Equipamiento Standar<\/th>\n<th width=\"56%\"><\/th>\n<th width=\"56%\"><\/th>\n<\/tr>\n<tr>\n<td colspan=\"3\">\n<ul>\n<li>Engrase autom\u00e1tico<\/li>\n<li>Mesa giratoria<\/li>\n<li>Mordaza giratoria graduada<\/li>\n<li>Cabezal porta-cuchillas giratorio, 90\u00ba dcha-izqda.<\/li>\n<li>Disyuntor el\u00e9ctrico con protecci\u00f3n contra sobre-cargas y bot\u00f3n de parada de emergencia<\/li>\n<li>Juego de tornillos anclaje-fundaci\u00f3n<\/li>\n<li>Juego llaves de servicio<\/li>\n<\/ul>\n<\/td>\n<\/tr>\n<\/tbody>\n<\/table>\n<p>[\/wptabcontent] [wptabtitle]L 450E \/ L 500E[\/wptabtitle] [wptabcontent] <a href=\"http:\/\/zubacor.com\/zubacor\/wp-content\/uploads\/2012\/10\/550.jpg\"><img loading=\"lazy\" class=\"alignnone size-full wp-image-2991\" src=\"http:\/\/zubacor.com\/zubacor\/wp-content\/uploads\/2012\/10\/550.jpg\" alt=\"550\" width=\"632\" height=\"274\" srcset=\"https:\/\/zubacor.com\/zubacor\/wp-content\/uploads\/2012\/10\/550.jpg 632w, https:\/\/zubacor.com\/zubacor\/wp-content\/uploads\/2012\/10\/550-300x130.jpg 300w\" sizes=\"(max-width: 632px) 100vw, 632px\" \/><\/a><\/p>\n<table width=\"100%\" cellspacing=\"5\" cellpadding=\"12\">\n<tbody>\n<tr>\n<th>Limadora<\/th>\n<th>L 450E<\/th>\n<th>L 500 E<\/th>\n<\/tr>\n<tr>\n<td width=\"44%\">Recorrido del carnero<\/td>\n<td width=\"28%\">450 mm.<\/td>\n<td width=\"28%\">500 mm<\/td>\n<\/tr>\n<tr>\n<td>Velocidades del canero<\/td>\n<td>6<\/td>\n<td>6<\/td>\n<\/tr>\n<tr>\n<td>Golpes del carnero por minuto<\/td>\n<td>20-30-42-62-94-130<\/td>\n<td>19-28-40-59-90-124<\/td>\n<\/tr>\n<tr>\n<td>Movimiento transversal de la mesa<\/td>\n<td>500 mm<\/td>\n<td>500 mm<\/td>\n<\/tr>\n<tr>\n<td>Movimiento vertical de la mesa<\/td>\n<td>305 mm<\/td>\n<td>305 mm<\/td>\n<\/tr>\n<tr>\n<td>Distancia m\u00e1xima entre mesa y carnero<\/td>\n<td>375 mm<\/td>\n<td>375mm<\/td>\n<\/tr>\n<tr>\n<td>Dimensiones de la mesa<\/td>\n<td>450x 300&#215;300 mm<\/td>\n<td>450x300x300 mm<\/td>\n<\/tr>\n<tr>\n<td>Curso vertical del cabezal del porta &#8211; herramientas<\/td>\n<td>150mm<\/td>\n<td>150 mm<\/td>\n<\/tr>\n<tr>\n<td>Avances autom\u00e1ticos horiz. de la mesa (5)<\/td>\n<td>0.2 &#8211; 1 mm<\/td>\n<td>0.2 &#8211; 1 mm<\/td>\n<\/tr>\n<tr>\n<td>Anchura y abertura de la mordaza<\/td>\n<td>220x70x270mm<\/td>\n<td>220x70x270 mm<\/td>\n<\/tr>\n<tr>\n<td>Potencia del motor<\/td>\n<td>2 HP<\/td>\n<td>3 HP<\/td>\n<\/tr>\n<tr>\n<td>Peso neto aproximado<\/td>\n<td>850 kg<\/td>\n<td>875 kg<\/td>\n<\/tr>\n<tr>\n<td>Peso bruto aproximado<\/td>\n<td>1.000 kg<\/td>\n<td>1.025 kg<\/td>\n<\/tr>\n<tr>\n<td>Medidas del embalaje<\/td>\n<td>1.86 x0.96&#215;1.52 mm<\/td>\n<td>1.86&#215;0,96&#215;1,52 mm<\/td>\n<\/tr>\n<\/tbody>\n<\/table>\n<table width=\"100%\" cellspacing=\"5\" cellpadding=\"12\">\n<tbody>\n<tr>\n<th colspan=\"2\">Equipamiento standard<\/th>\n<\/tr>\n<tr>\n<td colspan=\"2\">\n<ul>\n<li>Elevaci\u00f3n autom\u00e1tica de la herramientaEngrase autom\u00e1tico<\/li>\n<li>Mesa giratoria graduada con apoyo delantero<\/li>\n<li>Embrague de discos con freno<\/li>\n<li>Cabezal porta-cuchillas giratorio y graduado<\/li>\n<li>Equipo el\u00e9ctrico con protecci\u00f3n contra sobrecargas y bot\u00f3n de parada de emergencias<\/li>\n<li>Juego tornillos anclaje-nivelaci\u00f3n<\/li>\n<li>Juego de llaves de servicio<\/li>\n<\/ul>\n<\/td>\n<\/tr>\n<\/tbody>\n<\/table>\n<p>[\/wptabcontent] [wptabtitle]L 550E-L 600E[\/wptabtitle] [wptabcontent] <a class=\"lightbox\" title=\"L-550_L-600\" href=\"http:\/\/zubacor.com\/zubacor\/wp-content\/uploads\/2012\/10\/L-550_L-6002.jpg\"><img loading=\"lazy\" class=\"alignnone size-full wp-image-2796\" title=\"L-550_L-600\" src=\"http:\/\/zubacor.com\/zubacor\/wp-content\/uploads\/2012\/10\/L-550_L-6002.jpg\" alt=\"\" width=\"794\" height=\"472\" srcset=\"https:\/\/zubacor.com\/zubacor\/wp-content\/uploads\/2012\/10\/L-550_L-6002.jpg 794w, https:\/\/zubacor.com\/zubacor\/wp-content\/uploads\/2012\/10\/L-550_L-6002-300x178.jpg 300w\" sizes=\"(max-width: 794px) 100vw, 794px\" \/><\/a><\/p>\n<table width=\"100%\" cellspacing=\"5\" cellpadding=\"12\">\n<tbody>\n<tr>\n<th>Limadora<\/th>\n<th>L 550E<\/th>\n<th>L 600E<\/th>\n<\/tr>\n<tr>\n<td width=\"44%\">Recorrido del carnero<\/td>\n<td width=\"28%\">550 mm.<\/td>\n<td width=\"28%\">600 mm<\/td>\n<\/tr>\n<tr>\n<td>Velocidades del canero<\/td>\n<td>6<\/td>\n<td>6<\/td>\n<\/tr>\n<tr>\n<td>Golpes del carnero por minuto<\/td>\n<td>17-26-36-53-80-112<\/td>\n<td>17-26-36-53-80-112<\/td>\n<\/tr>\n<tr>\n<td>Movimiento transversal de la mesa<\/td>\n<td>600 mm<\/td>\n<td>600 mm<\/td>\n<\/tr>\n<tr>\n<td>Movimiento vertical de la mesa<\/td>\n<td>315 mm<\/td>\n<td>315 mm<\/td>\n<\/tr>\n<tr>\n<td>Distancia m\u00e1xima entre mesa y carnero<\/td>\n<td>370 mm<\/td>\n<td>370mm<\/td>\n<\/tr>\n<tr>\n<td>Dimensiones de la mesa<\/td>\n<td>550x 310&#215;310 mm<\/td>\n<td>550x310x31mm<\/td>\n<\/tr>\n<tr>\n<td>Curso vertical del cabezal del porta &#8211; herramientas<\/td>\n<td>150mm<\/td>\n<td>150mm<\/td>\n<\/tr>\n<tr>\n<td>Avances autom\u00e1ticos de la mesa (5)<\/td>\n<td>0.2 &#8211; 1 mm<\/td>\n<td>0.2 &#8211; 1 mm<\/td>\n<\/tr>\n<tr>\n<td>Avances auto. del cabezal porta -herramientas (5)<\/td>\n<td>0.2 &#8211; 1 mm<\/td>\n<td>0.2 &#8211; 1 mm<\/td>\n<\/tr>\n<tr>\n<td>Anchura y abertura de la mordaza<\/td>\n<td>220x70x270mm<\/td>\n<td>220x70x270 mm<\/td>\n<\/tr>\n<tr>\n<td>Potencia del motor<\/td>\n<td>3 HP<\/td>\n<td>4 HP<\/td>\n<\/tr>\n<tr>\n<td>Peso neto aproximado<\/td>\n<td>1.125 kg<\/td>\n<td>1.150 kg<\/td>\n<\/tr>\n<tr>\n<td>Peso bruto aproximado<\/td>\n<td>1.300 kg<\/td>\n<td>1.325 kg<\/td>\n<\/tr>\n<tr>\n<td>Medidas del embalaje<\/td>\n<td>2,12&#215;1,06&#215;1,55mm<\/td>\n<td>2,12&#215;1,06&#215;1,55 mm<\/td>\n<\/tr>\n<\/tbody>\n<\/table>\n<table width=\"100%\" cellspacing=\"5\" cellpadding=\"12\">\n<tbody>\n<tr>\n<th colspan=\"2\">Equipamiento standard<\/th>\n<\/tr>\n<tr>\n<td colspan=\"2\">\n<ul>\n<li>Elevaci\u00f3n autom\u00e1tica de la herramienta<\/li>\n<li>Engrase autom\u00e1tico<\/li>\n<li>Mesa giratoria graduada con apoyo delantero<\/li>\n<li>Cabezal portaherramientas giratorio y graduado<\/li>\n<li>Mordaza giratoria graduada<\/li>\n<li>Embrague de discos con freno<\/li>\n<li>Equipo el\u00e9ctrico con protecci\u00f3n contra sobrecargas y bot\u00f3n de parada de emergencias<\/li>\n<li>Juego tornillos anclaje fundaci\u00f3n<\/li>\n<li>Juego de llaves de servicio<\/li>\n<\/ul>\n<\/td>\n<\/tr>\n<\/tbody>\n<\/table>\n<p>[\/wptabcontent] [wptabtitle]L 650E \/ L 750E[\/wptabtitle] [wptabcontent] <a href=\"http:\/\/zubacor.com\/zubacor\/wp-content\/uploads\/2012\/10\/650.jpg\"><img loading=\"lazy\" class=\"alignnone size-full wp-image-2993\" src=\"http:\/\/zubacor.com\/zubacor\/wp-content\/uploads\/2012\/10\/650.jpg\" alt=\"650\" width=\"632\" height=\"274\" srcset=\"https:\/\/zubacor.com\/zubacor\/wp-content\/uploads\/2012\/10\/650.jpg 632w, https:\/\/zubacor.com\/zubacor\/wp-content\/uploads\/2012\/10\/650-300x130.jpg 300w\" sizes=\"(max-width: 632px) 100vw, 632px\" \/><\/a><\/p>\n<table width=\"100%\" cellspacing=\"5\" cellpadding=\"12\">\n<tbody>\n<tr>\n<th>Limadora<\/th>\n<th>L 650E<\/th>\n<th>L 750E<\/th>\n<\/tr>\n<tr>\n<td width=\"44%\">Recorrido del carnero<\/td>\n<td width=\"28%\">650 mm.<\/td>\n<td width=\"28%\">800 mm<\/td>\n<\/tr>\n<tr>\n<td>Velocidades del canero<\/td>\n<td>6<\/td>\n<td>6<\/td>\n<\/tr>\n<tr>\n<td>Golpes del carnero por minuto<\/td>\n<td>20-28-40-56-80-112<\/td>\n<td>17-25-35-49-70-100<\/td>\n<\/tr>\n<tr>\n<td>Movimiento transversal de la mesa<\/td>\n<td>650 mm<\/td>\n<td>750 mm<\/td>\n<\/tr>\n<tr>\n<td>Movimiento vertical de la mesa<\/td>\n<td>330 mm<\/td>\n<td>350 mm<\/td>\n<\/tr>\n<tr>\n<td>Distancia m\u00e1xima entre mesa y carnero<\/td>\n<td>405 mm<\/td>\n<td>460 mm<\/td>\n<\/tr>\n<tr>\n<td>Dimensiones de la mesa<\/td>\n<td>650x 390&#215;390 mm<\/td>\n<td>750x400x410 mm<\/td>\n<\/tr>\n<tr>\n<td>Curso vertical del cabezal del porta &#8211; herramientas<\/td>\n<td>180mm<\/td>\n<td>180 mm<\/td>\n<\/tr>\n<tr>\n<td>Avances autom\u00e1ticos de la mesa (6)<\/td>\n<td>0.25 &#8211; 1,5 mm<\/td>\n<td>0.25 a 1,5 mm<\/td>\n<\/tr>\n<tr>\n<td>Avances auto. del cabezal porta -herramientas (5)<\/td>\n<td>0,2-1mm<\/td>\n<td>0,2-1mm<\/td>\n<\/tr>\n<tr>\n<td>Anchura y abertura de la mordaza<\/td>\n<td>220x270mm<\/td>\n<td>220x270mm<\/td>\n<\/tr>\n<tr>\n<td>Potencia motor<\/td>\n<td>5,5 HP<\/td>\n<td>7,5 HP<\/td>\n<\/tr>\n<tr>\n<td>Peso neto<\/td>\n<td>2.180 k<\/td>\n<td>2.326 k<\/td>\n<\/tr>\n<tr>\n<td><\/td>\n<td><\/td>\n<td><\/td>\n<\/tr>\n<tr>\n<td><\/td>\n<td><\/td>\n<td><\/td>\n<\/tr>\n<tr>\n<td><\/td>\n<td><\/td>\n<td><\/td>\n<\/tr>\n<tr>\n<td><\/td>\n<td><\/td>\n<td><\/td>\n<\/tr>\n<\/tbody>\n<\/table>\n<table width=\"100%\" cellspacing=\"5\" cellpadding=\"12\">\n<tbody>\n<tr>\n<th colspan=\"2\">Equipamiento standard<\/th>\n<\/tr>\n<tr>\n<td colspan=\"2\">\n<ul>\n<li>Elevaci\u00f3n autom\u00e1tica de la herramientaEngrase autom\u00e1tico<\/li>\n<li>Mesa giratoria graduada con apoyo delantero<\/li>\n<li>Cabezal portaherramientas giratorio y graduado<\/li>\n<li>Mordaza giratoria graduada<\/li>\n<li>Embrague de discos con freno incorporado<\/li>\n<li>Equipo el\u00e9ctrico con protecci\u00f3n contra sobrecargas y bot\u00f3n de parada de emergencias<\/li>\n<li>Juego tornillos anclaje- fundaci\u00f3n<\/li>\n<li>Juego de llaves de servicio<\/li>\n<li>El <strong>MOD L750E <\/strong>dispone de movimientos r\u00e1pidos de la mesa en sentido horizontal y vertical, con motor de 1,5 HP<\/li>\n<\/ul>\n<\/td>\n<\/tr>\n<\/tbody>\n<\/table>\n<p>[\/wptabcontent] [\/wptabs]<\/p>\n","protected":false},"excerpt":{"rendered":"<p>M\u00e1quinas herramienta M\u00e1quina limadora [wptabs type=\u00bbaccordion\u00bb height:1200px] [wptabtitle]L 350E\/ L 350E\/2[\/wptabtitle] [wptabcontent] Carnero L350E L350E\/2 Recorrido 350 mm. 350 mm. Velocidades 3 6 Golpes del carnero por min. 35-70-140 23-35-46-70-92-140 Mesa giratoria Dimensiones 350x260x260 mm. 350x260x260 mm Recorrido transversal 410 mm. 410 mm Recorrido vertical 350 mm. 350 mm Avances autom\u00e1ticos horizontales (5) 0,2-1 mm. [&hellip;]<\/p>\n","protected":false},"author":1,"featured_media":0,"parent":1970,"menu_order":0,"comment_status":"open","ping_status":"open","template":"contentpage.php","meta":[],"_links":{"self":[{"href":"https:\/\/zubacor.com\/zubacor\/wp-json\/wp\/v2\/pages\/2621"}],"collection":[{"href":"https:\/\/zubacor.com\/zubacor\/wp-json\/wp\/v2\/pages"}],"about":[{"href":"https:\/\/zubacor.com\/zubacor\/wp-json\/wp\/v2\/types\/page"}],"author":[{"embeddable":true,"href":"https:\/\/zubacor.com\/zubacor\/wp-json\/wp\/v2\/users\/1"}],"replies":[{"embeddable":true,"href":"https:\/\/zubacor.com\/zubacor\/wp-json\/wp\/v2\/comments?post=2621"}],"version-history":[{"count":136,"href":"https:\/\/zubacor.com\/zubacor\/wp-json\/wp\/v2\/pages\/2621\/revisions"}],"predecessor-version":[{"id":3009,"href":"https:\/\/zubacor.com\/zubacor\/wp-json\/wp\/v2\/pages\/2621\/revisions\/3009"}],"up":[{"embeddable":true,"href":"https:\/\/zubacor.com\/zubacor\/wp-json\/wp\/v2\/pages\/1970"}],"wp:attachment":[{"href":"https:\/\/zubacor.com\/zubacor\/wp-json\/wp\/v2\/media?parent=2621"}],"curies":[{"name":"wp","href":"https:\/\/api.w.org\/{rel}","templated":true}]}}