{"id":1953,"date":"2012-05-21T10:28:15","date_gmt":"2012-05-21T10:28:15","guid":{"rendered":"http:\/\/resistenciasalona.com\/Anduaga\/?page_id=1953"},"modified":"2018-11-22T09:23:33","modified_gmt":"2018-11-22T09:23:33","slug":"ubicacion","status":"publish","type":"page","link":"https:\/\/zubacor.com\/zubacor\/ubicacion\/","title":{"rendered":"Localizaci\u00f3n"},"content":{"rendered":"<div id=\"leftcolumn\">\n<h6>Estamos aqu\u00ed:<\/h6>\n<p>P.O. BOX n\u00ba 50 &#8211; Ibaitarte,<br \/>\n11 20870 ELGOIBAR<br \/>\n(Guip\u00fazcoa &#8211; SPAIN)<\/p>\n<p><strong>Tlf.:<\/strong> 34 943 740 844<br \/>\n<strong>Fax:<\/strong> 34 943 742 666<br \/>\n<strong>Accesorios y Trabajos auxiliares:<br \/>\n<\/strong> <a href=\"mailto:zubacor@zubacor.com\">zubacor@zubacor.com<\/a><br \/>\n<strong>M\u00e1quina Herramienta<\/strong>:<br \/>\n<a href=\"mailto:sacia@zubacor.com\">sacia@zubacor.com<\/a><br \/>\n<strong>Web:<\/strong> <a href=\"http:\/\/www.zubacor.com\">www.zubacor.com<\/a><\/p>\n<\/div>\n<div id=\"rightcolumn\">\n<h1>Localizaci\u00f3n<\/h1>\n<p><iframe loading=\"lazy\" src=\"https:\/\/maps.google.es\/maps?f=q&amp;source=s_q&amp;hl=es&amp;geocode=&amp;q=Zubacor+SL,+Calle+de+Ibai-Tarte,+Elgoibar&amp;aq=0&amp;oq=Zubacor,+S.L.&amp;sll=43.223222,-2.409762&amp;sspn=0.012008,0.01929&amp;t=h&amp;ie=UTF8&amp;hq=Zubacor+SL,&amp;hnear=Calle+de+Ibai-Tarte,+20870+Elgoibar,+G%C2%A1puzkoa,+Pa%C3%ADs+Vasco&amp;cid=11296814524739030707&amp;ll=43.223191,-2.410126&amp;spn=0.505352,0.76767&amp;z=10&amp;iwloc=A&amp;output=embed\" width=\"560\" height=\"505\" frameborder=\"0\" marginwidth=\"0\" marginheight=\"0\" scrolling=\"no\"><\/iframe><\/p>\n<p><small><a style=\"color: #0000ff; text-align: left;\" href=\"https:\/\/maps.google.es\/maps?f=q&amp;source=embed&amp;hl=es&amp;geocode=&amp;q=Zubacor+SL,+Calle+de+Ibai-Tarte,+Elgoibar&amp;aq=0&amp;oq=Zubacor,+S.L.&amp;sll=43.223222,-2.409762&amp;sspn=0.012008,0.01929&amp;t=h&amp;ie=UTF8&amp;hq=Zubacor+SL,&amp;hnear=Calle+de+Ibai-Tarte,+20870+Elgoibar,+G%C2%A1puzkoa,+Pa%C3%ADs+Vasco&amp;cid=11296814524739030707&amp;ll=43.223191,-2.410126&amp;spn=0.505352,0.76767&amp;z=10&amp;iwloc=A\">Ver mapa m\u00e1s grande<\/a><\/small><\/p>\n<\/div>\n","protected":false},"excerpt":{"rendered":"<p>Estamos aqu\u00ed: P.O. BOX n\u00ba 50 &#8211; Ibaitarte, 11 20870 ELGOIBAR (Guip\u00fazcoa &#8211; SPAIN) Tlf.: 34 943 740 844 Fax: 34 943 742 666 Accesorios y Trabajos auxiliares: zubacor@zubacor.com M\u00e1quina Herramienta: sacia@zubacor.com Web: www.zubacor.com Localizaci\u00f3n Ver mapa m\u00e1s grande<\/p>\n","protected":false},"author":1,"featured_media":0,"parent":0,"menu_order":0,"comment_status":"open","ping_status":"open","template":"contentpage_full.php","meta":[],"_links":{"self":[{"href":"https:\/\/zubacor.com\/zubacor\/wp-json\/wp\/v2\/pages\/1953"}],"collection":[{"href":"https:\/\/zubacor.com\/zubacor\/wp-json\/wp\/v2\/pages"}],"about":[{"href":"https:\/\/zubacor.com\/zubacor\/wp-json\/wp\/v2\/types\/page"}],"author":[{"embeddable":true,"href":"https:\/\/zubacor.com\/zubacor\/wp-json\/wp\/v2\/users\/1"}],"replies":[{"embeddable":true,"href":"https:\/\/zubacor.com\/zubacor\/wp-json\/wp\/v2\/comments?post=1953"}],"version-history":[{"count":35,"href":"https:\/\/zubacor.com\/zubacor\/wp-json\/wp\/v2\/pages\/1953\/revisions"}],"predecessor-version":[{"id":3162,"href":"https:\/\/zubacor.com\/zubacor\/wp-json\/wp\/v2\/pages\/1953\/revisions\/3162"}],"wp:attachment":[{"href":"https:\/\/zubacor.com\/zubacor\/wp-json\/wp\/v2\/media?parent=1953"}],"curies":[{"name":"wp","href":"https:\/\/api.w.org\/{rel}","templated":true}]}}